{"id":5804,"date":"2022-04-07T14:21:05","date_gmt":"2022-04-07T17:21:05","guid":{"rendered":"https:\/\/hedalysa.com.ar\/?page_id=5804"},"modified":"2022-05-09T15:58:40","modified_gmt":"2022-05-09T18:58:40","slug":"linea-infantil","status":"publish","type":"page","link":"https:\/\/hedalysa.com.ar\/en\/linea-infantil\/","title":{"rendered":"Linea infantil"},"content":{"rendered":"<p>[et_pb_section fb_built=\u00bb1&#8243; _builder_version=\u00bb4.16.1&#8243; background_color=\u00bbrgba(0,0,0,0.5)\u00bb background_image=\u00bbhttps:\/\/hedalysa.com.ar\/wp-content\/uploads\/2022\/04\/Slider-ninos.jpg\u00bb background_blend=\u00bbmultiply\u00bb custom_padding=\u00bb180px||100px||false|false\u00bb locked=\u00bboff\u00bb global_colors_info=\u00bb{}\u00bb theme_builder_area=\u00bbpost_content\u00bb][et_pb_row _builder_version=\u00bb4.16&#8243; global_colors_info=\u00bb{}\u00bb theme_builder_area=\u00bbpost_content\u00bb][et_pb_column type=\u00bb4_4&#8243; _builder_version=\u00bb4.16&#8243; global_colors_info=\u00bb{}\u00bb theme_builder_area=\u00bbpost_content\u00bb][et_pb_text _builder_version=\u00bb4.16.1&#8243; text_orientation=\u00bbcenter\u00bb background_layout=\u00bbdark\u00bb animation_style=\u00bbfade\u00bb global_colors_info=\u00bb{}\u00bb theme_builder_area=\u00bbpost_content\u00bb]<\/p>\n<h1>Para los m\u00e1s peque\u00f1os<\/h1>\n<p>Productos divertidos<\/p>\n<p>[\/et_pb_text][\/et_pb_column][\/et_pb_row][\/et_pb_section][et_pb_section fb_built=\u00bb1&#8243; module_id=\u00bbshow\u00bb module_class=\u00bbshow\u00bb _builder_version=\u00bb4.16&#8243; background_color=\u00bb#f7f9f9&#8243; locked=\u00bboff\u00bb global_colors_info=\u00bb{}\u00bb theme_builder_area=\u00bbpost_content\u00bb][et_pb_row _builder_version=\u00bb4.16&#8243; max_width=\u00bb80%\u00bb global_colors_info=\u00bb{}\u00bb theme_builder_area=\u00bbpost_content\u00bb][et_pb_column type=\u00bb4_4&#8243; _builder_version=\u00bb4.16&#8243; global_colors_info=\u00bb{}\u00bb theme_builder_area=\u00bbpost_content\u00bb][et_pb_text _builder_version=\u00bb4.17.1&#8243; _module_preset=\u00bbdefault\u00bb custom_margin=\u00bb0px||0px||false|false\u00bb custom_padding=\u00bb0px||10px||false|false\u00bb hover_enabled=\u00bb0&#8243; global_colors_info=\u00bb{}\u00bb theme_builder_area=\u00bbpost_content\u00bb sticky_enabled=\u00bb0&#8243;]<\/p>\n<h6 style=\"text-align: center;\">LINEA infantil<\/h6>\n<p>[\/et_pb_text][et_pb_text _builder_version=\u00bb4.17.1&#8243; header_2_text_align=\u00bbcenter\u00bb text_orientation=\u00bbcenter\u00bb animation_style=\u00bbfade\u00bb hover_enabled=\u00bb0&#8243; global_colors_info=\u00bb{}\u00bb theme_builder_area=\u00bbpost_content\u00bb sticky_enabled=\u00bb0&#8243;]<\/p>\n<h2><span>Angry birds<\/span><\/h2>\n<p>[\/et_pb_text][\/et_pb_column][\/et_pb_row][et_pb_row column_structure=\u00bb1_3,1_3,1_3&#8243; use_custom_gutter=\u00bbon\u00bb gutter_width=\u00bb2&#8243; make_equal=\u00bbon\u00bb _builder_version=\u00bb4.16.1&#8243; max_width=\u00bb80%\u00bb custom_padding=\u00bb||||false|false\u00bb animation_style=\u00bbslide\u00bb animation_direction=\u00bbbottom\u00bb global_colors_info=\u00bb{}\u00bb theme_builder_area=\u00bbpost_content\u00bb][et_pb_column type=\u00bb1_3&#8243; _builder_version=\u00bb4.16&#8243; background_color=\u00bb#ffffff\u00bb transform_translate_linked__hover=\u00bboff\u00bb custom_padding=\u00bb||5%||false|false\u00bb animation_style=\u00bbslide\u00bb animation_direction=\u00bbbottom\u00bb animation_intensity_slide=\u00bb5%\u00bb border_radii=\u00bbon|5px|5px|5px|5px\u00bb box_shadow_style=\u00bbpreset3&#8243; global_colors_info=\u00bb{}\u00bb transform_styles__hover_enabled=\u00bbon|hover\u00bb transform_scale__hover_enabled=\u00bbon|desktop\u00bb transform_translate__hover_enabled=\u00bbon|hover\u00bb transform_rotate__hover_enabled=\u00bbon|desktop\u00bb transform_skew__hover_enabled=\u00bbon|desktop\u00bb transform_origin__hover_enabled=\u00bbon|desktop\u00bb transform_translate__hover=\u00bb0px|-15px\u00bb theme_builder_area=\u00bbpost_content\u00bb][et_pb_image src=\u00bbhttps:\/\/hedalysa.com.ar\/wp-content\/uploads\/2022\/04\/Alcancia-Pig.jpg\u00bb title_text=\u00bbAlcancia-Pig\u00bb force_fullwidth=\u00bbon\u00bb _builder_version=\u00bb4.16.1&#8243; global_colors_info=\u00bb{}\u00bb theme_builder_area=\u00bbpost_content\u00bb][\/et_pb_image][et_pb_text _builder_version=\u00bb4.16.1&#8243; text_orientation=\u00bbcenter\u00bb custom_padding=\u00bb|5%||5%|false|true\u00bb animation_style=\u00bbfade\u00bb global_colors_info=\u00bb{}\u00bb theme_builder_area=\u00bbpost_content\u00bb]<\/p>\n<h5><strong>ALCANC\u00cdA PIG<\/strong><\/h5>\n<p><span>2 en 1 &#8211; Alcanc\u00eda + Colonia 100 ml<\/span><\/p>\n<p>[\/et_pb_text][\/et_pb_column][et_pb_column type=\u00bb1_3&#8243; _builder_version=\u00bb4.16&#8243; background_color=\u00bb#ffffff\u00bb transform_translate_linked__hover=\u00bboff\u00bb custom_padding=\u00bb||5%||false|false\u00bb animation_style=\u00bbslide\u00bb animation_direction=\u00bbbottom\u00bb animation_delay=\u00bb200ms\u00bb animation_intensity_slide=\u00bb10%\u00bb animation_delay_tablet=\u00bb\u00bb animation_delay_phone=\u00bb0ms\u00bb animation_delay_last_edited=\u00bbon|phone\u00bb border_radii=\u00bbon|5px|5px|5px|5px\u00bb box_shadow_style=\u00bbpreset3&#8243; global_colors_info=\u00bb{}\u00bb transform_styles__hover_enabled=\u00bbon|hover\u00bb transform_scale__hover_enabled=\u00bbon|desktop\u00bb transform_translate__hover_enabled=\u00bbon|hover\u00bb transform_rotate__hover_enabled=\u00bbon|desktop\u00bb transform_skew__hover_enabled=\u00bbon|desktop\u00bb transform_origin__hover_enabled=\u00bbon|desktop\u00bb transform_translate__hover=\u00bb0px|-15px\u00bb theme_builder_area=\u00bbpost_content\u00bb][et_pb_image src=\u00bbhttps:\/\/hedalysa.com.ar\/wp-content\/uploads\/2022\/04\/Alcancia-Red-Bird.jpg\u00bb title_text=\u00bbAlcancia-Red-Bird\u00bb force_fullwidth=\u00bbon\u00bb _builder_version=\u00bb4.16.1&#8243; global_colors_info=\u00bb{}\u00bb theme_builder_area=\u00bbpost_content\u00bb][\/et_pb_image][et_pb_text _builder_version=\u00bb4.16.1&#8243; text_orientation=\u00bbcenter\u00bb custom_padding=\u00bb|5%||5%|false|true\u00bb animation_style=\u00bbfade\u00bb global_colors_info=\u00bb{}\u00bb theme_builder_area=\u00bbpost_content\u00bb]<\/p>\n<h5>ALCANC\u00cdA RED BIRD<\/h5>\n<p><span>2 en 1 &#8211; Alcanc\u00eda + Colonia 100 ml\u00a0<\/span><\/p>\n<p>[\/et_pb_text][\/et_pb_column][et_pb_column type=\u00bb1_3&#8243; _builder_version=\u00bb4.16&#8243; background_color=\u00bb#ffffff\u00bb transform_translate_linked__hover=\u00bboff\u00bb custom_padding=\u00bb||5%||false|false\u00bb animation_style=\u00bbslide\u00bb animation_direction=\u00bbbottom\u00bb animation_delay=\u00bb400ms\u00bb animation_intensity_slide=\u00bb10%\u00bb animation_delay_tablet=\u00bb\u00bb animation_delay_phone=\u00bb0ms\u00bb animation_delay_last_edited=\u00bbon|phone\u00bb border_radii=\u00bbon|5px|5px|5px|5px\u00bb box_shadow_style=\u00bbpreset3&#8243; global_colors_info=\u00bb{}\u00bb transform_styles__hover_enabled=\u00bbon|hover\u00bb transform_scale__hover_enabled=\u00bbon|desktop\u00bb transform_translate__hover_enabled=\u00bbon|hover\u00bb transform_rotate__hover_enabled=\u00bbon|desktop\u00bb transform_skew__hover_enabled=\u00bbon|desktop\u00bb transform_origin__hover_enabled=\u00bbon|desktop\u00bb transform_translate__hover=\u00bb0px|-15px\u00bb theme_builder_area=\u00bbpost_content\u00bb][et_pb_image src=\u00bbhttps:\/\/hedalysa.com.ar\/wp-content\/uploads\/2022\/04\/ShampooHonda.jpg\u00bb title_text=\u00bbShampooHonda\u00bb force_fullwidth=\u00bbon\u00bb _builder_version=\u00bb4.16.1&#8243; global_colors_info=\u00bb{}\u00bb theme_builder_area=\u00bbpost_content\u00bb][\/et_pb_image][et_pb_text _builder_version=\u00bb4.16.1&#8243; text_orientation=\u00bbcenter\u00bb custom_padding=\u00bb|5%||5%|false|true\u00bb animation_style=\u00bbfade\u00bb global_colors_info=\u00bb{}\u00bb theme_builder_area=\u00bbpost_content\u00bb]<\/p>\n<h5><strong>SHAMPOO HONDA RED BIRD RIO<\/strong><\/h5>\n<p><span>Shampoo 300 ml<\/span><\/p>\n<p>[\/et_pb_text][\/et_pb_column][\/et_pb_row][et_pb_row column_structure=\u00bb1_3,1_3,1_3&#8243; use_custom_gutter=\u00bbon\u00bb gutter_width=\u00bb2&#8243; make_equal=\u00bbon\u00bb _builder_version=\u00bb4.16.1&#8243; max_width=\u00bb80%\u00bb custom_padding=\u00bb||||false|false\u00bb animation_style=\u00bbslide\u00bb animation_direction=\u00bbbottom\u00bb global_colors_info=\u00bb{}\u00bb theme_builder_area=\u00bbpost_content\u00bb][et_pb_column type=\u00bb1_3&#8243; _builder_version=\u00bb4.16&#8243; background_color=\u00bb#ffffff\u00bb transform_translate_linked__hover=\u00bboff\u00bb custom_padding=\u00bb||5%||false|false\u00bb animation_style=\u00bbslide\u00bb animation_direction=\u00bbbottom\u00bb animation_intensity_slide=\u00bb5%\u00bb border_radii=\u00bbon|5px|5px|5px|5px\u00bb box_shadow_style=\u00bbpreset3&#8243; global_colors_info=\u00bb{}\u00bb transform_styles__hover_enabled=\u00bbon|hover\u00bb transform_scale__hover_enabled=\u00bbon|desktop\u00bb transform_translate__hover_enabled=\u00bbon|hover\u00bb transform_rotate__hover_enabled=\u00bbon|desktop\u00bb transform_skew__hover_enabled=\u00bbon|desktop\u00bb transform_origin__hover_enabled=\u00bbon|desktop\u00bb transform_translate__hover=\u00bb0px|-15px\u00bb theme_builder_area=\u00bbpost_content\u00bb][et_pb_image src=\u00bbhttps:\/\/hedalysa.com.ar\/wp-content\/uploads\/2022\/04\/shampoo-pink-mono.jpg\u00bb title_text=\u00bbshampoo-pink-mono\u00bb force_fullwidth=\u00bbon\u00bb _builder_version=\u00bb4.16.1&#8243; global_colors_info=\u00bb{}\u00bb theme_builder_area=\u00bbpost_content\u00bb][\/et_pb_image][et_pb_text _builder_version=\u00bb4.16.1&#8243; text_orientation=\u00bbcenter\u00bb custom_padding=\u00bb|5%||5%|false|true\u00bb animation_style=\u00bbfade\u00bb global_colors_info=\u00bb{}\u00bb theme_builder_area=\u00bbpost_content\u00bb]<\/p>\n<h5><span>SHAMPOO MO\u00d1O STELLA<\/span><\/h5>\n<p><span>Shampoo 300 ml<\/span><\/p>\n<p>[\/et_pb_text][\/et_pb_column][et_pb_column type=\u00bb1_3&#8243; _builder_version=\u00bb4.16&#8243; background_color=\u00bb#ffffff\u00bb transform_translate_linked__hover=\u00bboff\u00bb custom_padding=\u00bb||5%||false|false\u00bb animation_style=\u00bbslide\u00bb animation_direction=\u00bbbottom\u00bb animation_delay=\u00bb200ms\u00bb animation_intensity_slide=\u00bb10%\u00bb animation_delay_tablet=\u00bb\u00bb animation_delay_phone=\u00bb0ms\u00bb animation_delay_last_edited=\u00bbon|phone\u00bb border_radii=\u00bbon|5px|5px|5px|5px\u00bb box_shadow_style=\u00bbpreset3&#8243; global_colors_info=\u00bb{}\u00bb transform_styles__hover_enabled=\u00bbon|hover\u00bb transform_scale__hover_enabled=\u00bbon|desktop\u00bb transform_translate__hover_enabled=\u00bbon|hover\u00bb transform_rotate__hover_enabled=\u00bbon|desktop\u00bb transform_skew__hover_enabled=\u00bbon|desktop\u00bb transform_origin__hover_enabled=\u00bbon|desktop\u00bb transform_translate__hover=\u00bb0px|-15px\u00bb theme_builder_area=\u00bbpost_content\u00bb][et_pb_image src=\u00bbhttps:\/\/hedalysa.com.ar\/wp-content\/uploads\/2022\/04\/Shampoo-y-Acondicionador-pink-bird.jpg\u00bb title_text=\u00bbShampoo-y-Acondicionador-pink-bird\u00bb force_fullwidth=\u00bbon\u00bb _builder_version=\u00bb4.16.1&#8243; global_colors_info=\u00bb{}\u00bb theme_builder_area=\u00bbpost_content\u00bb][\/et_pb_image][et_pb_text _builder_version=\u00bb4.16.1&#8243; text_orientation=\u00bbcenter\u00bb custom_padding=\u00bb|5%||5%|false|true\u00bb animation_style=\u00bbfade\u00bb global_colors_info=\u00bb{}\u00bb theme_builder_area=\u00bbpost_content\u00bb]<\/p>\n<h5><span>SHAMPOO Y<br \/>ACONDICIONADOR STELLA<\/span><\/h5>\n<p><span>Shampoo y Acondicionador 300 ml<\/span><\/p>\n<p>[\/et_pb_text][\/et_pb_column][et_pb_column type=\u00bb1_3&#8243; _builder_version=\u00bb4.16&#8243; background_color=\u00bb#ffffff\u00bb transform_translate_linked__hover=\u00bboff\u00bb custom_padding=\u00bb||5%||false|false\u00bb animation_style=\u00bbslide\u00bb animation_direction=\u00bbbottom\u00bb animation_delay=\u00bb400ms\u00bb animation_intensity_slide=\u00bb10%\u00bb animation_delay_tablet=\u00bb\u00bb animation_delay_phone=\u00bb0ms\u00bb animation_delay_last_edited=\u00bbon|phone\u00bb border_radii=\u00bbon|5px|5px|5px|5px\u00bb box_shadow_style=\u00bbpreset3&#8243; global_colors_info=\u00bb{}\u00bb transform_styles__hover_enabled=\u00bbon|hover\u00bb transform_scale__hover_enabled=\u00bbon|desktop\u00bb transform_translate__hover_enabled=\u00bbon|hover\u00bb transform_rotate__hover_enabled=\u00bbon|desktop\u00bb transform_skew__hover_enabled=\u00bbon|desktop\u00bb transform_origin__hover_enabled=\u00bbon|desktop\u00bb transform_translate__hover=\u00bb0px|-15px\u00bb theme_builder_area=\u00bbpost_content\u00bb][et_pb_image src=\u00bbhttps:\/\/hedalysa.com.ar\/wp-content\/uploads\/2022\/04\/shampoo-y-acondicionador-red-bird.jpg\u00bb title_text=\u00bbshampoo-y-acondicionador-red-bird\u00bb force_fullwidth=\u00bbon\u00bb _builder_version=\u00bb4.16.1&#8243; global_colors_info=\u00bb{}\u00bb theme_builder_area=\u00bbpost_content\u00bb][\/et_pb_image][et_pb_text _builder_version=\u00bb4.16.1&#8243; text_orientation=\u00bbcenter\u00bb custom_padding=\u00bb|5%||5%|false|true\u00bb animation_style=\u00bbfade\u00bb global_colors_info=\u00bb{}\u00bb theme_builder_area=\u00bbpost_content\u00bb]<\/p>\n<h5><span>SHAMPOO Y <br \/>ACONDICIONADOR RED BIRD<\/span><\/h5>\n<p><span>Shampoo y Acondicionador 300 ml<\/span><\/p>\n<p>[\/et_pb_text][\/et_pb_column][\/et_pb_row][\/et_pb_section]<\/p>\n","protected":false},"excerpt":{"rendered":"<p>Para los m\u00e1s peque\u00f1os Productos divertidosLINEA infantilAngry birdsALCANC\u00cdA PIG 2 en 1 &#8211; Alcanc\u00eda + Colonia 100 mlALCANC\u00cdA RED BIRD 2 en 1 &#8211; Alcanc\u00eda + Colonia 100 ml\u00a0SHAMPOO HONDA RED BIRD RIO Shampoo 300 mlSHAMPOO MO\u00d1O STELLA Shampoo 300 mlSHAMPOO YACONDICIONADOR STELLA Shampoo y Acondicionador 300 mlSHAMPOO Y ACONDICIONADOR RED BIRD Shampoo y Acondicionador [&hellip;]<\/p>\n","protected":false},"author":1,"featured_media":0,"parent":0,"menu_order":0,"comment_status":"closed","ping_status":"closed","template":"","meta":{"_et_pb_use_builder":"on","_et_pb_old_content":"","_et_gb_content_width":"","footnotes":""},"class_list":["post-5804","page","type-page","status-publish","hentry"],"_links":{"self":[{"href":"https:\/\/hedalysa.com.ar\/en\/wp-json\/wp\/v2\/pages\/5804","targetHints":{"allow":["GET"]}}],"collection":[{"href":"https:\/\/hedalysa.com.ar\/en\/wp-json\/wp\/v2\/pages"}],"about":[{"href":"https:\/\/hedalysa.com.ar\/en\/wp-json\/wp\/v2\/types\/page"}],"author":[{"embeddable":true,"href":"https:\/\/hedalysa.com.ar\/en\/wp-json\/wp\/v2\/users\/1"}],"replies":[{"embeddable":true,"href":"https:\/\/hedalysa.com.ar\/en\/wp-json\/wp\/v2\/comments?post=5804"}],"version-history":[{"count":7,"href":"https:\/\/hedalysa.com.ar\/en\/wp-json\/wp\/v2\/pages\/5804\/revisions"}],"predecessor-version":[{"id":6375,"href":"https:\/\/hedalysa.com.ar\/en\/wp-json\/wp\/v2\/pages\/5804\/revisions\/6375"}],"wp:attachment":[{"href":"https:\/\/hedalysa.com.ar\/en\/wp-json\/wp\/v2\/media?parent=5804"}],"curies":[{"name":"wp","href":"https:\/\/api.w.org\/{rel}","templated":true}]}}