{"id":5682,"date":"2022-04-05T12:08:52","date_gmt":"2022-04-05T15:08:52","guid":{"rendered":"https:\/\/hedalysa.com.ar\/?page_id=5682"},"modified":"2022-05-27T16:39:54","modified_gmt":"2022-05-27T19:39:54","slug":"quienes-somos","status":"publish","type":"page","link":"https:\/\/hedalysa.com.ar\/en\/quienes-somos\/","title":{"rendered":"Quienes somos"},"content":{"rendered":"<p>[et_pb_section fb_built=\u00bb1&#8243; _builder_version=\u00bb4.17.1&#8243; background_color=\u00bbrgba(0,0,0,0.5)\u00bb background_image=\u00bbhttps:\/\/hedalysa.com.ar\/wp-content\/uploads\/2022\/05\/fondo-nosotros.jpg\u00bb background_blend=\u00bbmultiply\u00bb custom_padding=\u00bb180px||100px||false|false\u00bb locked=\u00bboff\u00bb global_colors_info=\u00bb{}\u00bb theme_builder_area=\u00bbpost_content\u00bb][et_pb_row _builder_version=\u00bb4.16&#8243; global_colors_info=\u00bb{}\u00bb theme_builder_area=\u00bbpost_content\u00bb][et_pb_column type=\u00bb4_4&#8243; _builder_version=\u00bb4.16&#8243; global_colors_info=\u00bb{}\u00bb theme_builder_area=\u00bbpost_content\u00bb][et_pb_text _builder_version=\u00bb4.17.1&#8243; text_orientation=\u00bbcenter\u00bb background_layout=\u00bbdark\u00bb animation_style=\u00bbfade\u00bb global_colors_info=\u00bb{}\u00bb theme_builder_area=\u00bbpost_content\u00bb]<\/p>\n<h1>\u00bfQui\u00e9nes somos?<\/h1>\n<p>Nuestra misi\u00f3n es ser m\u00e1s que una empresa<\/p>\n<p>[\/et_pb_text][\/et_pb_column][\/et_pb_row][\/et_pb_section][et_pb_section fb_built=\u00bb1&#8243; _builder_version=\u00bb4.17.1&#8243; _module_preset=\u00bbdefault\u00bb global_colors_info=\u00bb{}\u00bb theme_builder_area=\u00bbpost_content\u00bb][et_pb_row column_structure=\u00bb1_2,1_2&#8243; use_custom_gutter=\u00bbon\u00bb gutter_width=\u00bb1&#8243; _builder_version=\u00bb4.17.1&#8243; _module_preset=\u00bbdefault\u00bb max_width=\u00bb80%\u00bb custom_padding=\u00bb0px||0px||false|false\u00bb global_colors_info=\u00bb{}\u00bb theme_builder_area=\u00bbpost_content\u00bb][et_pb_column type=\u00bb1_2&#8243; _builder_version=\u00bb4.17.1&#8243; _module_preset=\u00bbdefault\u00bb custom_padding=\u00bb7%|5%||0%|false|false\u00bb global_colors_info=\u00bb{}\u00bb theme_builder_area=\u00bbpost_content\u00bb][et_pb_text _builder_version=\u00bb4.17.1&#8243; _module_preset=\u00bbdefault\u00bb header_2_text_color=\u00bbgcid-34e4ead0-1522-4b9c-ad48-592f23d961d0&#8243; header_6_text_color=\u00bbgcid-34e4ead0-1522-4b9c-ad48-592f23d961d0&#8243; custom_margin=\u00bb||20px||false|false\u00bb animation_style=\u00bbslide\u00bb animation_direction=\u00bbbottom\u00bb animation_intensity_slide=\u00bb10%\u00bb global_colors_info=\u00bb{%22gcid-34e4ead0-1522-4b9c-ad48-592f23d961d0%22:%91%22header_2_text_color%22,%22header_6_text_color%22%93}\u00bb theme_builder_area=\u00bbpost_content\u00bb]<\/p>\n<h2>Nosotros<\/h2>\n<p>Contamos con tres plantas industriales ubicadas en la provincia de Buenos Aires, equipadas con maquinarias de \u00faltima generaci\u00f3n y un equipo de profesionales capacitado para responder a las cambiantes necesidades de los mercados internacionales.<br \/>\nNos esforzamos para producir y comercializar productos de belleza de alta calidad, que respeten el medio ambiente y sean accesibles para todos aquellos que buscan sentirse mejor cada d\u00eda.[\/et_pb_text][\/et_pb_column][et_pb_column type=\u00bb1_2&#8243; disabled_on=\u00bbon|on|off\u00bb _builder_version=\u00bb4.17.1&#8243; _module_preset=\u00bbdefault\u00bb background_image=\u00bbhttps:\/\/hedalysa.com.ar\/wp-content\/uploads\/2022\/05\/foto-nosotros-1.1.jpg\u00bb parallax=\u00bbon\u00bb custom_padding=\u00bb20%||20%||true|false\u00bb global_colors_info=\u00bb{}\u00bb theme_builder_area=\u00bbpost_content\u00bb][\/et_pb_column][\/et_pb_row][et_pb_row custom_padding_last_edited=\u00bbon|phone\u00bb disabled_on=\u00bboff|off|on\u00bb _builder_version=\u00bb4.17.1&#8243; _module_preset=\u00bbdefault\u00bb width=\u00bb100%\u00bb max_width=\u00bb100%\u00bb custom_padding_tablet=\u00bb\u00bb custom_padding_phone=\u00bb60px||||false|false\u00bb global_colors_info=\u00bb{}\u00bb theme_builder_area=\u00bbpost_content\u00bb][et_pb_column type=\u00bb4_4&#8243; _builder_version=\u00bb4.16&#8243; _module_preset=\u00bbdefault\u00bb global_colors_info=\u00bb{}\u00bb theme_builder_area=\u00bbpost_content\u00bb][et_pb_image src=\u00bbhttps:\/\/hedalysa.com.ar\/wp-content\/uploads\/2022\/05\/foto-nosotros-1.1.jpg\u00bb title_text=\u00bbfoto nosotros 1.1&#8243; _builder_version=\u00bb4.17.1&#8243; _module_preset=\u00bbdefault\u00bb global_colors_info=\u00bb{}\u00bb theme_builder_area=\u00bbpost_content\u00bb][\/et_pb_image][\/et_pb_column][\/et_pb_row][et_pb_row column_structure=\u00bb1_2,1_2&#8243; use_custom_gutter=\u00bbon\u00bb gutter_width=\u00bb1&#8243; _builder_version=\u00bb4.17.1&#8243; _module_preset=\u00bbdefault\u00bb max_width=\u00bb80%\u00bb custom_padding=\u00bb0px||0px||false|false\u00bb global_colors_info=\u00bb{}\u00bb theme_builder_area=\u00bbpost_content\u00bb][et_pb_column type=\u00bb1_2&#8243; disabled_on=\u00bbon|on|off\u00bb _builder_version=\u00bb4.17.1&#8243; _module_preset=\u00bbdefault\u00bb background_image=\u00bbhttps:\/\/hedalysa.com.ar\/wp-content\/uploads\/2022\/05\/foto-nosotros-2.jpg\u00bb parallax=\u00bbon\u00bb custom_padding=\u00bb20%||20%||true|false\u00bb global_colors_info=\u00bb{}\u00bb theme_builder_area=\u00bbpost_content\u00bb][\/et_pb_column][et_pb_column type=\u00bb1_2&#8243; _builder_version=\u00bb4.17.1&#8243; _module_preset=\u00bbdefault\u00bb custom_padding=\u00bb9%|5%||5%|false|false\u00bb global_colors_info=\u00bb{}\u00bb theme_builder_area=\u00bbpost_content\u00bb][et_pb_text _builder_version=\u00bb4.17.1&#8243; _module_preset=\u00bbdefault\u00bb header_2_text_color=\u00bbgcid-34e4ead0-1522-4b9c-ad48-592f23d961d0&#8243; header_6_text_color=\u00bbgcid-34e4ead0-1522-4b9c-ad48-592f23d961d0&#8243; custom_margin=\u00bb||20px||false|false\u00bb animation_style=\u00bbslide\u00bb animation_direction=\u00bbbottom\u00bb animation_intensity_slide=\u00bb10%\u00bb global_colors_info=\u00bb{%22gcid-34e4ead0-1522-4b9c-ad48-592f23d961d0%22:%91%22header_6_text_color%22,%22header_2_text_color%22%93}\u00bb theme_builder_area=\u00bbpost_content\u00bb]<\/p>\n<h6>01<\/h6>\n<h2>Prop\u00f3sito<\/h2>\n<p>Nuestro prop\u00f3sito es mantenernos como un laboratorio l\u00edder para, tambi\u00e9n, ofrecerles oportunidades de desarrollo a todos nuestros empleados y colaborar en causas que nos parecen nobles y justas. Nuestra alianza con Pelucas Solidarias 9 de Julio y su fundadora, Rita Fournier, nos enorgullece y nos mantiene en ese rumbo.[\/et_pb_text][\/et_pb_column][\/et_pb_row][et_pb_row custom_padding_last_edited=\u00bbon|phone\u00bb disabled_on=\u00bboff|off|on\u00bb _builder_version=\u00bb4.16&#8243; _module_preset=\u00bbdefault\u00bb width=\u00bb100%\u00bb max_width=\u00bb100%\u00bb custom_padding=\u00bb||||false|false\u00bb custom_padding_tablet=\u00bb\u00bb custom_padding_phone=\u00bb60px||||false|false\u00bb global_colors_info=\u00bb{}\u00bb theme_builder_area=\u00bbpost_content\u00bb][et_pb_column type=\u00bb4_4&#8243; _builder_version=\u00bb4.16&#8243; _module_preset=\u00bbdefault\u00bb global_colors_info=\u00bb{}\u00bb theme_builder_area=\u00bbpost_content\u00bb][et_pb_image src=\u00bbhttps:\/\/hedalysa.com.ar\/wp-content\/uploads\/2022\/05\/foto-nosotros-2.jpg\u00bb title_text=\u00bbfoto nosotros 2&#8243; _builder_version=\u00bb4.17.1&#8243; _module_preset=\u00bbdefault\u00bb hover_enabled=\u00bb0&#8243; global_colors_info=\u00bb{}\u00bb theme_builder_area=\u00bbpost_content\u00bb sticky_enabled=\u00bb0&#8243;][\/et_pb_image][\/et_pb_column][\/et_pb_row][et_pb_row column_structure=\u00bb1_2,1_2&#8243; use_custom_gutter=\u00bbon\u00bb gutter_width=\u00bb1&#8243; _builder_version=\u00bb4.17.1&#8243; _module_preset=\u00bbdefault\u00bb max_width=\u00bb80%\u00bb custom_padding=\u00bb0px||0px||false|false\u00bb hover_enabled=\u00bb0&#8243; global_colors_info=\u00bb{}\u00bb theme_builder_area=\u00bbpost_content\u00bb sticky_enabled=\u00bb0&#8243;][et_pb_column type=\u00bb1_2&#8243; _builder_version=\u00bb4.17.1&#8243; _module_preset=\u00bbdefault\u00bb custom_padding=\u00bb7%|5%||0%|false|false\u00bb global_colors_info=\u00bb{}\u00bb theme_builder_area=\u00bbpost_content\u00bb][et_pb_text _builder_version=\u00bb4.17.1&#8243; _module_preset=\u00bbdefault\u00bb header_2_text_color=\u00bbgcid-34e4ead0-1522-4b9c-ad48-592f23d961d0&#8243; header_6_text_color=\u00bbgcid-34e4ead0-1522-4b9c-ad48-592f23d961d0&#8243; custom_margin=\u00bb||20px||false|false\u00bb animation_style=\u00bbslide\u00bb animation_direction=\u00bbbottom\u00bb animation_intensity_slide=\u00bb10%\u00bb global_colors_info=\u00bb{%22gcid-34e4ead0-1522-4b9c-ad48-592f23d961d0%22:%91%22header_2_text_color%22,%22header_6_text_color%22%93}\u00bb theme_builder_area=\u00bbpost_content\u00bb]<\/p>\n<h6>02<\/h6>\n<h2>Visi\u00f3n<\/h2>\n<p><span>Ser un laboratorio l\u00edder en el mercado nacional e internacional de la cosm\u00e9tica aplicada al cuidado de la belleza de la mujer. <\/span><\/p>\n<p><span>Distingui\u00e9ndose por proporcionar productos de alta calidad accesibles para todas las mujeres por igual, y ofrecerles oportunidades de desarrollo profesional y personal a todos nuestros empleados.<\/span><\/p>\n<p>[\/et_pb_text][\/et_pb_column][et_pb_column type=\u00bb1_2&#8243; disabled_on=\u00bbon|on|off\u00bb _builder_version=\u00bb4.17.1&#8243; _module_preset=\u00bbdefault\u00bb background_image=\u00bbhttps:\/\/hedalysa.com.ar\/wp-content\/uploads\/2022\/05\/foto-nosotros-4.jpg\u00bb parallax=\u00bbon\u00bb custom_padding=\u00bb20%||20%||true|false\u00bb hover_enabled=\u00bb0&#8243; global_colors_info=\u00bb{}\u00bb theme_builder_area=\u00bbpost_content\u00bb title_text=\u00bbfoto nosotros 4&#8243; sticky_enabled=\u00bb0&#8243;][\/et_pb_column][\/et_pb_row][et_pb_row custom_padding_last_edited=\u00bbon|phone\u00bb disabled_on=\u00bboff|off|on\u00bb _builder_version=\u00bb4.17.1&#8243; _module_preset=\u00bbdefault\u00bb width=\u00bb100%\u00bb max_width=\u00bb100%\u00bb custom_padding_tablet=\u00bb\u00bb custom_padding_phone=\u00bb60px||||false|false\u00bb global_colors_info=\u00bb{}\u00bb theme_builder_area=\u00bbpost_content\u00bb][et_pb_column type=\u00bb4_4&#8243; _builder_version=\u00bb4.16&#8243; _module_preset=\u00bbdefault\u00bb global_colors_info=\u00bb{}\u00bb theme_builder_area=\u00bbpost_content\u00bb][et_pb_image src=\u00bbhttps:\/\/hedalysa.com.ar\/wp-content\/uploads\/2022\/05\/foto-nosotros-4.jpg\u00bb title_text=\u00bbfoto nosotros 4&#8243; _builder_version=\u00bb4.17.1&#8243; _module_preset=\u00bbdefault\u00bb hover_enabled=\u00bb0&#8243; global_colors_info=\u00bb{}\u00bb theme_builder_area=\u00bbpost_content\u00bb sticky_enabled=\u00bb0&#8243;][\/et_pb_image][\/et_pb_column][\/et_pb_row][\/et_pb_section]<\/p>\n","protected":false},"excerpt":{"rendered":"<p>\u00bfQui\u00e9nes somos? Nuestra misi\u00f3n es ser m\u00e1s que una empresaNosotros Contamos con tres plantas industriales ubicadas en la provincia de Buenos Aires, equipadas con maquinarias de \u00faltima generaci\u00f3n y un equipo de profesionales capacitado para responder a las cambiantes necesidades de los mercados internacionales. Nos esforzamos para producir y comercializar productos de belleza de alta [&hellip;]<\/p>\n","protected":false},"author":1,"featured_media":0,"parent":0,"menu_order":0,"comment_status":"closed","ping_status":"closed","template":"","meta":{"_et_pb_use_builder":"on","_et_pb_old_content":"<!-- wp:divi\/placeholder \/-->","_et_gb_content_width":"","footnotes":""},"class_list":["post-5682","page","type-page","status-publish","hentry"],"_links":{"self":[{"href":"https:\/\/hedalysa.com.ar\/en\/wp-json\/wp\/v2\/pages\/5682","targetHints":{"allow":["GET"]}}],"collection":[{"href":"https:\/\/hedalysa.com.ar\/en\/wp-json\/wp\/v2\/pages"}],"about":[{"href":"https:\/\/hedalysa.com.ar\/en\/wp-json\/wp\/v2\/types\/page"}],"author":[{"embeddable":true,"href":"https:\/\/hedalysa.com.ar\/en\/wp-json\/wp\/v2\/users\/1"}],"replies":[{"embeddable":true,"href":"https:\/\/hedalysa.com.ar\/en\/wp-json\/wp\/v2\/comments?post=5682"}],"version-history":[{"count":30,"href":"https:\/\/hedalysa.com.ar\/en\/wp-json\/wp\/v2\/pages\/5682\/revisions"}],"predecessor-version":[{"id":6439,"href":"https:\/\/hedalysa.com.ar\/en\/wp-json\/wp\/v2\/pages\/5682\/revisions\/6439"}],"wp:attachment":[{"href":"https:\/\/hedalysa.com.ar\/en\/wp-json\/wp\/v2\/media?parent=5682"}],"curies":[{"name":"wp","href":"https:\/\/api.w.org\/{rel}","templated":true}]}}